{"id":16548,"date":"2021-04-22T11:25:36","date_gmt":"2021-04-22T11:25:36","guid":{"rendered":"https:\/\/viverestays.com\/?page_id=16548"},"modified":"2022-05-19T10:40:59","modified_gmt":"2022-05-19T10:40:59","slug":"aviso_legal","status":"publish","type":"page","link":"https:\/\/hotelpuertasepulveda.net\/beta\/es\/aviso_legal\/","title":{"rendered":"Aviso legal"},"content":{"rendered":"<div id=\"cmsmasters_row_gw4ecmfz8\" class=\"cmsmasters_row cmsmasters_color_scheme_default cmsmasters_row_top_default cmsmasters_row_bot_default cmsmasters_row_boxed\">\n<div class=\"cmsmasters_row_outer_parent\">\n<div class=\"cmsmasters_row_outer\">\n<div class=\"cmsmasters_row_inner\">\n<div class=\"cmsmasters_row_margin\">\n<div id=\"cmsmasters_column_1zavhx9djj\" class=\"cmsmasters_column one_first\">\n<div class=\"cmsmasters_column_inner\"><div class=\"cmsmasters_text\">\n<p><ibe-up \n    ibe-key=\"c55f1939-c047-484d-b53b-6a6021eacc82\"\n    language=\"en\" \n    ><\/ibe-up><script type=\"text\/javascript\" src=\"https:\/\/ibe.uphotel.agency\/ibe.min.js\"><\/script>\n<link href=\"https:\/\/ibe.uphotel.agency\/ibe.min.css\" rel=\"stylesheet\" \/><\/p>\n<\/div>\n<div class=\"cmsmasters_text\">\n<div class=\"flex flex-wrap items-start mb-6\">\n<h3><strong>Responsable del contenido seg\u00fan \u00a7 55<\/strong><\/h3>\n<p>No tenemos ninguna influencia sobre el contenido de otros sitios web a los que remiten enlaces externos de nuestro sitio web. Los operadores de los sitios enlazados son los \u00fanicos responsables de su contenido. Tampoco adoptamos los contenidos de dichos sitios web y no somos responsables de dichos contenidos. Cualquier uso de las contribuciones, im\u00e1genes y otros trabajos protegidos por derechos de autor, en particular mediante duplicaci\u00f3n y distribuci\u00f3n, tambi\u00e9n en formato electr\u00f3nico, est\u00e1 prohibido sin nuestro consentimiento previo por escrito.<\/p>\n<h3><strong>Contacto<\/strong><\/h3>\n<p>ALEMANIA<br \/>\nVivere Stays UG<br \/>\nSch\u00f6nhauser Allee 146<br \/>\n10435 Berl\u00edn<\/p>\n<p>info@viverestays.com<\/p>\n<h3><strong>Juzgado de registro<\/strong><\/h3>\n<p>Amtsgericht Charlottenburg (Berl\u00edn)<br \/>\nHRB 221249 B<\/p>\n<p>IVA (Umsatzsteuernummer) &#8211; DE297382452<br \/>\nImpuesto (Steuernummer) &#8211; 37\/571\/00036<\/p>\n<p>ESPA\u00d1A<br \/>\nVivere Stays SL<br \/>\nc\/o Edificio Lanzadera<br \/>\nLa Marina de Valencia, Muelle de la Aduana, s\/n,<br \/>\n46024 Valencia (Espa\u00f1a)<\/p>\n<p>CIF: B16824781<\/p>\n<div class=\"dePhmb\" aria-live=\"polite\">\n<div class=\"eyKpYb\" data-language=\"es\" data-original-language=\"en\" data-result-index=\"0\">\n<h3 class=\"J0lOec\"><strong><span class=\"VIiyi\" lang=\"es\"><span class=\"JLqJ4b ChMk0b\" data-language-for-alternatives=\"es\" data-language-to-translate-into=\"en\" data-phrase-index=\"0\" data-number-of-phrases=\"1\"><span class=\"Q4iAWc\">Directores Generales<\/span><\/span><\/span><\/strong><\/h3>\n<\/div>\n<\/div>\n<p>Murshil \u00dcnver<\/p>\n<p>Maurizio lezama<\/p>\n<p>Berta Vilardell<\/p>\n<\/div>\n<div class=\"flex flex-wrap items-start mb-6\">\n<div class=\"flex-1\">\n<div class=\"mt-0\">\n<p><strong><span class=\"VIiyi\" lang=\"es\"><span class=\"JLqJ4b ChMk0b\" data-language-for-alternatives=\"es\" data-language-to-translate-into=\"en\" data-phrase-index=\"0\" data-number-of-phrases=\"1\"><span class=\"Q4iAWc\">Fuentes de fotos y gr\u00e1ficos:<\/span><\/span><\/span><\/strong><\/p>\n<p><a href=\"https:\/\/web.archive.org\/web\/20170823094633\/http:\/\/www.shutterstock.com\/\">http:\/\/www.shutterstock.com\/<\/a><\/p>\n<p><a href=\"https:\/\/viverestays.com\/pictures_copyrights#\/booking\/search\">Copyrights of pictures used on our site<\/a><\/p>\n<\/div>\n<\/div>\n<\/div>\n<\/div>\n<\/div><\/div>\n<\/div>\n<\/div>\n<\/div>\n<\/div>\n<\/div>\n\n","protected":false},"excerpt":{"rendered":"","protected":false},"author":2,"featured_media":0,"parent":0,"menu_order":0,"comment_status":"closed","ping_status":"closed","template":"","meta":[],"yoast_head":"<!-- This site is optimized with the Yoast SEO plugin v20.0 - https:\/\/yoast.com\/wordpress\/plugins\/seo\/ -->\n<title>Aviso legal - Vivere Stays<\/title>\n<meta name=\"robots\" content=\"index, follow, max-snippet:-1, max-image-preview:large, max-video-preview:-1\" \/>\n<link rel=\"canonical\" href=\"https:\/\/hotelpuertasepulveda.net\/beta\/es\/aviso_legal\/\" \/>\n<meta property=\"og:locale\" content=\"es_ES\" \/>\n<meta property=\"og:type\" content=\"article\" \/>\n<meta property=\"og:title\" content=\"Aviso legal - Vivere Stays\" \/>\n<meta property=\"og:url\" content=\"https:\/\/hotelpuertasepulveda.net\/beta\/es\/aviso_legal\/\" \/>\n<meta property=\"og:site_name\" content=\"Vivere Stays\" \/>\n<meta property=\"article:publisher\" content=\"https:\/\/www.facebook.com\/viverestays.es\/\" \/>\n<meta property=\"article:modified_time\" content=\"2022-05-19T10:40:59+00:00\" \/>\n<meta name=\"twitter:card\" content=\"summary_large_image\" \/>\n<meta name=\"twitter:label1\" content=\"Tiempo de lectura\" \/>\n\t<meta name=\"twitter:data1\" content=\"1 minuto\" \/>\n<script type=\"application\/ld+json\" class=\"yoast-schema-graph\">{\"@context\":\"https:\/\/schema.org\",\"@graph\":[{\"@type\":\"WebPage\",\"@id\":\"https:\/\/hotelpuertasepulveda.net\/beta\/es\/aviso_legal\/\",\"url\":\"https:\/\/hotelpuertasepulveda.net\/beta\/es\/aviso_legal\/\",\"name\":\"Aviso legal - Vivere Stays\",\"isPartOf\":{\"@id\":\"https:\/\/hotelpuertasepulveda.net\/beta\/#website\"},\"datePublished\":\"2021-04-22T11:25:36+00:00\",\"dateModified\":\"2022-05-19T10:40:59+00:00\",\"breadcrumb\":{\"@id\":\"https:\/\/hotelpuertasepulveda.net\/beta\/es\/aviso_legal\/#breadcrumb\"},\"inLanguage\":\"es\",\"potentialAction\":[{\"@type\":\"ReadAction\",\"target\":[\"https:\/\/hotelpuertasepulveda.net\/beta\/es\/aviso_legal\/\"]}]},{\"@type\":\"BreadcrumbList\",\"@id\":\"https:\/\/hotelpuertasepulveda.net\/beta\/es\/aviso_legal\/#breadcrumb\",\"itemListElement\":[{\"@type\":\"ListItem\",\"position\":1,\"name\":\"Home\",\"item\":\"https:\/\/hotelpuertasepulveda.net\/beta\/es\/\"},{\"@type\":\"ListItem\",\"position\":2,\"name\":\"Aviso legal\"}]},{\"@type\":\"WebSite\",\"@id\":\"https:\/\/hotelpuertasepulveda.net\/beta\/#website\",\"url\":\"https:\/\/hotelpuertasepulveda.net\/beta\/\",\"name\":\"Vivere Stays\",\"description\":\"Technology for your hotel\",\"potentialAction\":[{\"@type\":\"SearchAction\",\"target\":{\"@type\":\"EntryPoint\",\"urlTemplate\":\"https:\/\/hotelpuertasepulveda.net\/beta\/?s={search_term_string}\"},\"query-input\":\"required name=search_term_string\"}],\"inLanguage\":\"es\"}]}<\/script>\n<!-- \/ Yoast SEO plugin. -->","yoast_head_json":{"title":"Aviso legal - Vivere Stays","robots":{"index":"index","follow":"follow","max-snippet":"max-snippet:-1","max-image-preview":"max-image-preview:large","max-video-preview":"max-video-preview:-1"},"canonical":"https:\/\/hotelpuertasepulveda.net\/beta\/es\/aviso_legal\/","og_locale":"es_ES","og_type":"article","og_title":"Aviso legal - Vivere Stays","og_url":"https:\/\/hotelpuertasepulveda.net\/beta\/es\/aviso_legal\/","og_site_name":"Vivere Stays","article_publisher":"https:\/\/www.facebook.com\/viverestays.es\/","article_modified_time":"2022-05-19T10:40:59+00:00","twitter_card":"summary_large_image","twitter_misc":{"Tiempo de lectura":"1 minuto"},"schema":{"@context":"https:\/\/schema.org","@graph":[{"@type":"WebPage","@id":"https:\/\/hotelpuertasepulveda.net\/beta\/es\/aviso_legal\/","url":"https:\/\/hotelpuertasepulveda.net\/beta\/es\/aviso_legal\/","name":"Aviso legal - Vivere Stays","isPartOf":{"@id":"https:\/\/hotelpuertasepulveda.net\/beta\/#website"},"datePublished":"2021-04-22T11:25:36+00:00","dateModified":"2022-05-19T10:40:59+00:00","breadcrumb":{"@id":"https:\/\/hotelpuertasepulveda.net\/beta\/es\/aviso_legal\/#breadcrumb"},"inLanguage":"es","potentialAction":[{"@type":"ReadAction","target":["https:\/\/hotelpuertasepulveda.net\/beta\/es\/aviso_legal\/"]}]},{"@type":"BreadcrumbList","@id":"https:\/\/hotelpuertasepulveda.net\/beta\/es\/aviso_legal\/#breadcrumb","itemListElement":[{"@type":"ListItem","position":1,"name":"Home","item":"https:\/\/hotelpuertasepulveda.net\/beta\/es\/"},{"@type":"ListItem","position":2,"name":"Aviso legal"}]},{"@type":"WebSite","@id":"https:\/\/hotelpuertasepulveda.net\/beta\/#website","url":"https:\/\/hotelpuertasepulveda.net\/beta\/","name":"Vivere Stays","description":"Technology for your hotel","potentialAction":[{"@type":"SearchAction","target":{"@type":"EntryPoint","urlTemplate":"https:\/\/hotelpuertasepulveda.net\/beta\/?s={search_term_string}"},"query-input":"required name=search_term_string"}],"inLanguage":"es"}]}},"_links":{"self":[{"href":"https:\/\/hotelpuertasepulveda.net\/beta\/es\/wp-json\/wp\/v2\/pages\/16548"}],"collection":[{"href":"https:\/\/hotelpuertasepulveda.net\/beta\/es\/wp-json\/wp\/v2\/pages"}],"about":[{"href":"https:\/\/hotelpuertasepulveda.net\/beta\/es\/wp-json\/wp\/v2\/types\/page"}],"author":[{"embeddable":true,"href":"https:\/\/hotelpuertasepulveda.net\/beta\/es\/wp-json\/wp\/v2\/users\/2"}],"replies":[{"embeddable":true,"href":"https:\/\/hotelpuertasepulveda.net\/beta\/es\/wp-json\/wp\/v2\/comments?post=16548"}],"version-history":[{"count":5,"href":"https:\/\/hotelpuertasepulveda.net\/beta\/es\/wp-json\/wp\/v2\/pages\/16548\/revisions"}],"predecessor-version":[{"id":17252,"href":"https:\/\/hotelpuertasepulveda.net\/beta\/es\/wp-json\/wp\/v2\/pages\/16548\/revisions\/17252"}],"wp:attachment":[{"href":"https:\/\/hotelpuertasepulveda.net\/beta\/es\/wp-json\/wp\/v2\/media?parent=16548"}],"curies":[{"name":"wp","href":"https:\/\/api.w.org\/{rel}","templated":true}]}}