{"id":16536,"date":"2021-04-22T10:45:08","date_gmt":"2021-04-22T10:45:08","guid":{"rendered":"https:\/\/viverestays.com\/?page_id=16536"},"modified":"2021-04-22T10:48:27","modified_gmt":"2021-04-22T10:48:27","slug":"vivere_stays_somos_unicos","status":"publish","type":"page","link":"https:\/\/hotelpuertasepulveda.net\/beta\/es\/vivere_stays_somos_unicos\/","title":{"rendered":"vivere_stays_somos_unicos"},"content":{"rendered":"<div id=\"cmsmasters_row_irdytvgpb5\" class=\"cmsmasters_row cmsmasters_color_scheme_default cmsmasters_row_top_default cmsmasters_row_bot_default cmsmasters_row_boxed\">\n<div class=\"cmsmasters_row_outer_parent\">\n<div class=\"cmsmasters_row_outer\">\n<div class=\"cmsmasters_row_inner cmsmasters_row_no_margin\">\n<div class=\"cmsmasters_row_margin cmsmasters_row_columns_behavior\">\n<div id=\"cmsmasters_column_k2cc13p779\" class=\"cmsmasters_column one_first\">\n<div class=\"cmsmasters_column_inner\"><div class=\"cmsmasters_text\">\n<p><ibe-up \n    ibe-key=\"c55f1939-c047-484d-b53b-6a6021eacc82\"\n    language=\"es\" \n    ><\/ibe-up><script type=\"text\/javascript\" src=\"https:\/\/ibe.uphotel.agency\/ibe.min.js\"><\/script>\n<link href=\"https:\/\/ibe.uphotel.agency\/ibe.min.css\" rel=\"stylesheet\" \/><\/p>\n<\/div>\n<\/div><\/div>\n<\/div>\n<\/div>\n<div class=\"cmsmasters_row_inner\">\n<div class=\"cmsmasters_row_margin\">\n<div id=\"cmsmasters_column_6rf377l5x8\" class=\"cmsmasters_column one_half\">\n<div class=\"cmsmasters_column_inner\"><div id=\"cmsmasters_heading_kqrrawqqg\" class=\"cmsmasters_heading_wrap cmsmasters_heading_align_left\">\n\t<h4 class=\"cmsmasters_heading\">Propuesta de valor de Vivere Stays a los hoteles<\/h4>\n<\/div><div id=\"cmsmasters_heading_eg3jm5ajhg\" class=\"cmsmasters_heading_wrap cmsmasters_heading_align_left\">\n\t<h2 class=\"cmsmasters_heading\">\u00a1M\u00e1s ingresos y apoyo en tu negocio = tu vida!<\/h2>\n<\/div><div id=\"cmsmasters_fb_8ubl3ob1w6\" class=\"cmsmasters_featured_block\">\n<div class=\"featured_block_inner\">\n<div class=\"featured_block_text\">\n<p><span style=\"font-weight: 400;\">Vivere Stays ofrece a los propietarios de hoteles independientes la fuerza de una poderosa cadena hotelera a trav\u00e9s de tecnolog\u00eda personalizada y digitalizaci\u00f3n para lograr un mejor rendimiento en el sector.<\/span><\/p>\n\n<\/div>\n<\/div>\n<\/div>\n<div id=\"cmsmasters_divider_59wcvaksld\" class=\"cl\"><\/div>\n<div id=\"cmsmasters_button_1jjr54r74\" class=\"button_wrap\"><a href=\"https:\/\/viverestays.com\/contact-us\" class=\"cmsmasters_button\"><span>Tecnolog\u00eda europea adaptada a tus necesidades<\/span><\/a><\/div>\n<\/div><\/div>\n<div id=\"cmsmasters_column_pjlfp7ikba\" class=\"cmsmasters_column one_half\">\n<div class=\"cmsmasters_column_inner\">\n<div id=\"cmsmasters_divider_eg2m84k7uc\" class=\"cl\"><\/div>\n<div class=\"aligncenter\"><div class=\"cmsmasters_img  cmsmasters_image_c\"><img src=\"\" \/><\/div><\/div>\n<\/div><\/div>\n<\/div>\n<\/div>\n<\/div>\n<\/div>\n<\/div>\n<div id=\"cmsmasters_row_xglicrehqs\" class=\"cmsmasters_row cmsmasters_color_scheme_default cmsmasters_row_top_default cmsmasters_row_bot_default cmsmasters_row_fullwidth\">\n<div class=\"cmsmasters_row_outer_parent\">\n<div class=\"cmsmasters_row_outer\">\n<div class=\"cmsmasters_row_inner cmsmasters_row_fullwidth cmsmasters_row_no_margin\">\n<div class=\"cmsmasters_row_margin cmsmasters_row_columns_behavior\">\n<div id=\"cmsmasters_column_z5t9l4j01\" class=\"cmsmasters_column one_half\">\n<div class=\"cmsmasters_column_inner\"><div class=\"cmsmasters_img  cmsmasters_image_n\"><img src=\"\" \/><\/div>\n<\/div><\/div>\n<div id=\"cmsmasters_column_tt497z0ia\" class=\"cmsmasters_column one_half\">\n<div class=\"cmsmasters_column_inner\"><div id=\"cmsmasters_heading_5hz6rusdw4\" class=\"cmsmasters_heading_wrap cmsmasters_heading_align_left\">\n\t<h4 class=\"cmsmasters_heading\">\u00bfVivere Stays propuesta de valor para los hu\u00e9spedes?<\/h4>\n<\/div><div id=\"cmsmasters_heading_jx2pvcrn\" class=\"cmsmasters_heading_wrap cmsmasters_heading_align_left\">\n\t<h2 class=\"cmsmasters_heading\">\u00a1Facilitamos tu viaje!<\/h2>\n<\/div><div id=\"cmsmasters_fb_5ovmbztgx\" class=\"cmsmasters_featured_block\">\n<div class=\"featured_block_inner\">\n<div class=\"featured_block_text\">\n<p><span style=\"font-weight: 400;\">Eliminamos las preocupaciones de los hu\u00e9spedes acerca de los hoteles econ\u00f3micos, ya que estandarizamos el nivel de servicio en todos los hoteles de Vivere Stays.<br \/>\n<\/span><\/p>\n<p><span style=\"font-weight: 400;\">Transformaci\u00f3n digital: desde la reserva hasta la salida 100% online.<\/span><\/p>\n<p><span style=\"font-weight: 400;\">Reserva de temporada y todo el a\u00f1o asegurada.<\/span><\/p>\n\n<\/div>\n<\/div>\n<\/div>\n<div id=\"cmsmasters_divider_8y6hjklu6n\" class=\"cl\"><\/div>\n<div id=\"cmsmasters_button_9kgqnfatjg\" class=\"button_wrap\"><a href=\"https:\/\/viverestays.com\/contact-us\" class=\"cmsmasters_button\"><span>\u00a1Reserva tu habitaci\u00f3n ya!<\/span><\/a><\/div>\n<\/div><\/div>\n<\/div>\n<\/div>\n<\/div>\n<\/div>\n<\/div>\n<div id=\"cmsmasters_row_bk21sht0x\" class=\"cmsmasters_row cmsmasters_color_scheme_default cmsmasters_row_top_default cmsmasters_row_bot_default cmsmasters_row_fullwidth\">\n<div class=\"cmsmasters_row_outer_parent\">\n<div class=\"cmsmasters_row_outer\">\n<div class=\"cmsmasters_row_inner cmsmasters_row_fullwidth cmsmasters_row_no_margin\">\n<div class=\"cmsmasters_row_margin cmsmasters_row_columns_behavior\">\n<div id=\"cmsmasters_column_x6ruupob4q\" class=\"cmsmasters_column one_half\">\n<div class=\"cmsmasters_column_inner\"><div id=\"cmsmasters_heading_mqxozfv16f\" class=\"cmsmasters_heading_wrap cmsmasters_heading_align_left\">\n\t<h4 class=\"cmsmasters_heading\">\u00bfQu\u00e9 hace que la tecnolog\u00eda Vivere Stays sea tan \u00fanica?<\/h4>\n<\/div><div id=\"cmsmasters_heading_258uz4fojb\" class=\"cmsmasters_heading_wrap cmsmasters_heading_align_left\">\n\t<h2 class=\"cmsmasters_heading\">\u00a1Solo para tu hotel!<\/h2>\n<\/div><div id=\"cmsmasters_fb_uzpuucv34p\" class=\"cmsmasters_featured_block\">\n<div class=\"featured_block_inner\">\n<div class=\"featured_block_text\">\n<p><span style=\"font-weight: 400;\">Vivere Stays analiz\u00f3 docenas de tecnolog\u00edas desarrolladas en Europa para hoteles independientes, peque\u00f1os en el mundo occidental. El resultado es una soluci\u00f3n tecnol\u00f3gica 100% personalizada, adaptada a nuestro p\u00fablico objetivo. Combina un PMS intuitivo, que se conecta a un administrador de canales ilimitado y algoritmos de precios de \u00faltima generaci\u00f3n que podr\u00edan vencer a las cadenas hoteleras a\u00fan m\u00e1s grandes en modelos de producci\u00f3n.<\/span><\/p>\n<p><span style=\"font-weight: 400;\">\u00bfPor qu\u00e9 Vivere Stays es mejor? porque nuestro equipo lo ha visto durante los \u00faltimos 20 a\u00f1os en la industria hotelera. Sabemos exactamente qu\u00e9 funciona bien y qu\u00e9 no. Todo lo que siempre so\u00f1amos ofrecer a los hoteles est\u00e1 incluido en los servicios y productos que le traemos hoy. \u00bfInteresado en colaborar sin compromiso?<\/span><\/p>\n<p>&nbsp;<\/p>\n\n<\/div>\n<\/div>\n<\/div>\n<div id=\"cmsmasters_divider_mma9jsajvk\" class=\"cl\"><\/div>\n<div id=\"cmsmasters_button_v40zp8kjxl\" class=\"button_wrap\"><a href=\"https:\/\/viverestays.com\/contact-us\" class=\"cmsmasters_button\"><span>\u00a1Contactanos ahora!<\/span><\/a><\/div>\n<\/div><\/div>\n<div id=\"cmsmasters_column_l4xica24wn\" class=\"cmsmasters_column one_half\">\n<div class=\"cmsmasters_column_inner\"><div class=\"cmsmasters_img  cmsmasters_image_n\"><img src=\"\" \/><\/div>\n<\/div><\/div>\n<\/div>\n<\/div>\n<\/div>\n<\/div>\n<\/div>\n<div id=\"cmsmasters_row_t6o6rz15ec\" class=\"cmsmasters_row cmsmasters_color_scheme_default cmsmasters_row_top_default cmsmasters_row_bot_default cmsmasters_row_fullwidth\">\n<div class=\"cmsmasters_row_outer_parent\">\n<div class=\"cmsmasters_row_outer\">\n<div class=\"cmsmasters_row_inner cmsmasters_row_fullwidth cmsmasters_row_no_margin\">\n<div class=\"cmsmasters_row_margin cmsmasters_row_columns_behavior\">\n<div id=\"cmsmasters_column_hh8hos5gdr\" class=\"cmsmasters_column one_first\">\n<div class=\"cmsmasters_column_inner\"><div class=\"cmsmasters_clients_grid_wrap\">\n<div id=\"cmsmasters_clients_9j159os8f6\" class=\"cmsmasters_clients_grid clients_five\">\n<div class=\"cmsmasters_clients_items slides\">\n<div class=\"cmsmasters_clients_item item\"><a href=\"https:\/\/www.smarttravel.news\/entrevista-vivere-stays-2020\/\" target=\"_blank\"><img src=\"https:\/\/hotelpuertasepulveda.net\/beta\/wp-content\/uploads\/2020\/12\/smart-travel-news.jpg\" alt=\"Smart Travel\" title=\"Smart Travel\" \/><\/a><\/div><div class=\"cmsmasters_clients_item item\"><a href=\"https:\/\/www.hosteltur.com\/comunidad\/nota\/024575_nace-vivere-stays-la-start-up-de-tecnologia-y-digitalizacion-para-pequenos-hoteles.html\" target=\"_blank\"><img src=\"https:\/\/hotelpuertasepulveda.net\/beta\/wp-content\/uploads\/2020\/12\/hosteltur.png\" alt=\"hosteltur\" title=\"hosteltur\" \/><\/a><\/div><div class=\"cmsmasters_clients_item item\"><a href=\"http:\/\/www.nexotur.com\/noticia\/110372\/nace-vivere-stays-un-proveedor-para-pequenos-hoteles.html\" target=\"_blank\"><img src=\"https:\/\/hotelpuertasepulveda.net\/beta\/wp-content\/uploads\/2020\/12\/nexotur.jpg\" alt=\"nexotur\" title=\"nexotur\" \/><\/a><\/div><div class=\"cmsmasters_clients_item item\"><a href=\"https:\/\/elreferente.es\/startups\/nace-vivere-stays-la-startup-de-servicios-de-tecnologia-y-digitalizacion-para-hoteles-independientes\/\" target=\"_blank\"><img src=\"https:\/\/hotelpuertasepulveda.net\/beta\/wp-content\/uploads\/2020\/12\/logo_elreferente.png\" alt=\"logo_elreferente\" title=\"logo_elreferente\" \/><\/a><\/div><div class=\"cmsmasters_clients_item item\"><a href=\"https:\/\/tecnohotelnews.com\/2020\/12\/18\/vivere-stays-tecnologia-digitalizacion-hoteles-independientes\/\" target=\"_blank\"><img src=\"https:\/\/hotelpuertasepulveda.net\/beta\/wp-content\/uploads\/2020\/12\/tecno-hotel.png\" alt=\"tecno hotel\" title=\"tecno hotel\" \/><\/a><\/div><div class=\"cmsmasters_clients_item item\"><a href=\"https:\/\/www.profesionalhoreca.com\/2020\/12\/27\/vivere-stays-ofrece-ayuda-a-pequenos-hoteles-independientes-para-mejorar-su-competitividad-a-traves-de-la-digitalizacion\/\" target=\"_blank\"><img src=\"https:\/\/hotelpuertasepulveda.net\/beta\/wp-content\/uploads\/2020\/12\/Professional-horeca.jpg\" alt=\"Professional horeca\" title=\"Professional horeca\" \/><\/a><\/div><div class=\"cmsmasters_clients_item item\"><a href=\"http:\/\/www.doopaper.com\/visor_html5\/nexotur\/nexotur11451146#page\/36\" target=\"_blank\"><img src=\"https:\/\/hotelpuertasepulveda.net\/beta\/wp-content\/uploads\/2020\/12\/nexotur.jpg\" alt=\"nexotur\" title=\"nexotur\" \/><\/a><\/div><div class=\"cmsmasters_clients_item item\"><img src=\"https:\/\/hotelpuertasepulveda.net\/beta\/wp-content\/uploads\/2021\/01\/logo-80-dias.png\" alt=\"logo-80-dias\" title=\"logo-80-dias\" \/><\/div><div class=\"cmsmasters_clients_item item\"><img src=\"https:\/\/hotelpuertasepulveda.net\/beta\/wp-content\/uploads\/2021\/01\/top100-logo-2019-white-300x212-1.png\" alt=\"top100-logo-2019-white-300&#215;212\" title=\"top100-logo-2019-white-300&#215;212\" \/><\/div><div class=\"cmsmasters_clients_item item\"><a href=\"https:\/\/www.mujeremprendedora.net\/berta-viladrell-vivere-stays-solucion-gestion-360o-pequenos-hoteles-independientes\/\" target=\"_blank\"><img src=\"https:\/\/hotelpuertasepulveda.net\/beta\/wp-content\/uploads\/2021\/01\/Mujeremprendedora_logotipo.jpg\" alt=\"Mujeremprendedora_logotipo\" title=\"Mujeremprendedora_logotipo\" \/><\/a><\/div><\/div>\n<\/div>\n<\/div>\n<div id=\"cmsmasters_divider_sdbvb9pkwj\" class=\"cmsmasters_divider cmsmasters_divider_width_long cmsmasters_divider_pos_center\"><\/div>\n<\/div><\/div>\n<\/div>\n<\/div>\n<\/div>\n<\/div>\n<\/div>\n<div id=\"cmsmasters_row_kxa61e86\" class=\"cmsmasters_row cmsmasters_color_scheme_default cmsmasters_row_top_default cmsmasters_row_bot_default cmsmasters_row_fullwidth\">\n<div class=\"cmsmasters_row_outer_parent\">\n<div class=\"cmsmasters_row_outer\">\n<div class=\"cmsmasters_row_inner cmsmasters_row_fullwidth cmsmasters_row_no_margin\">\n<div class=\"cmsmasters_row_margin cmsmasters_row_columns_behavior\">\n<div id=\"cmsmasters_column_6rf377l5xg\" class=\"cmsmasters_column one_half\">\n<div class=\"cmsmasters_column_inner\"><div id=\"cmsmasters_heading_ivicepgrd\" class=\"cmsmasters_heading_wrap cmsmasters_heading_align_left\">\n\t<h4 class=\"cmsmasters_heading\">Vivere Stays MOBILE APP<\/h4>\n<\/div><div id=\"cmsmasters_heading_0jah9jsp8\" class=\"cmsmasters_heading_wrap cmsmasters_heading_align_left\">\n\t<h2 class=\"cmsmasters_heading\"> Stay connected, enjoy peace of mind<\/h2>\n<\/div><div class=\"cmsmasters_text\">\n<p><span style=\"color: #d8ecff; font-size: 18px; line-height: 28px; font-weight: 300;\">Download the Vivere Stays app and simplify your property management. Discover quick, simple and convenient way to take command of your hotel, on your mobile phone.<\/span><\/p>\n<\/div>\n<div id=\"cmsmasters_divider_ygatru41\" class=\"cl\"><\/div>\n<div class=\"cmsmasters_text\">\n<div id=\"cmsmasters_button_b3kjt4ifem\" class=\"button_wrap\"><a href=\"#\" class=\"cmsmasters_button cmsmasters_button_margin\"><span>Apple Store-coming soon<\/span><\/a><\/div>\n<div id=\"cmsmasters_button_b3kjt4ifem\" class=\"button_wrap\"><a href=\"#\" class=\"cmsmasters_button\"><span>Google Play-coming soon<\/span><\/a><\/div>\n<\/div>\n<\/div><\/div>\n<div id=\"cmsmasters_column_pjlfp7ikba\" class=\"cmsmasters_column one_half\">\n<div class=\"cmsmasters_column_inner\"><div id=\"cmsmasters_fb_devolqrwg\" class=\"cmsmasters_featured_block\">\n<div class=\"featured_block_inner\">\n<div class=\"featured_block_text\"><\/div>\n<\/div>\n<\/div>\n<\/div><\/div>\n<\/div>\n<\/div>\n<\/div>\n<\/div>\n<\/div>\n\n","protected":false},"excerpt":{"rendered":"","protected":false},"author":2,"featured_media":0,"parent":0,"menu_order":0,"comment_status":"closed","ping_status":"closed","template":"","meta":[],"yoast_head":"<!-- This site is optimized with the Yoast SEO plugin v20.0 - https:\/\/yoast.com\/wordpress\/plugins\/seo\/ -->\n<title>vivere_stays_somos_unicos - Vivere Stays<\/title>\n<meta name=\"robots\" content=\"index, follow, max-snippet:-1, max-image-preview:large, max-video-preview:-1\" \/>\n<link rel=\"canonical\" href=\"https:\/\/hotelpuertasepulveda.net\/beta\/es\/vivere_stays_somos_unicos\/\" \/>\n<meta property=\"og:locale\" content=\"es_ES\" \/>\n<meta property=\"og:type\" content=\"article\" \/>\n<meta property=\"og:title\" content=\"vivere_stays_somos_unicos - Vivere Stays\" \/>\n<meta property=\"og:url\" content=\"https:\/\/hotelpuertasepulveda.net\/beta\/es\/vivere_stays_somos_unicos\/\" \/>\n<meta property=\"og:site_name\" content=\"Vivere Stays\" \/>\n<meta property=\"article:publisher\" content=\"https:\/\/www.facebook.com\/viverestays.es\/\" \/>\n<meta property=\"article:modified_time\" content=\"2021-04-22T10:48:27+00:00\" \/>\n<meta name=\"twitter:card\" content=\"summary_large_image\" \/>\n<meta name=\"twitter:label1\" content=\"Tiempo de lectura\" \/>\n\t<meta name=\"twitter:data1\" content=\"11 minutos\" \/>\n<script type=\"application\/ld+json\" class=\"yoast-schema-graph\">{\"@context\":\"https:\/\/schema.org\",\"@graph\":[{\"@type\":\"WebPage\",\"@id\":\"https:\/\/hotelpuertasepulveda.net\/beta\/es\/vivere_stays_somos_unicos\/\",\"url\":\"https:\/\/hotelpuertasepulveda.net\/beta\/es\/vivere_stays_somos_unicos\/\",\"name\":\"vivere_stays_somos_unicos - Vivere Stays\",\"isPartOf\":{\"@id\":\"https:\/\/hotelpuertasepulveda.net\/beta\/#website\"},\"datePublished\":\"2021-04-22T10:45:08+00:00\",\"dateModified\":\"2021-04-22T10:48:27+00:00\",\"breadcrumb\":{\"@id\":\"https:\/\/hotelpuertasepulveda.net\/beta\/es\/vivere_stays_somos_unicos\/#breadcrumb\"},\"inLanguage\":\"es\",\"potentialAction\":[{\"@type\":\"ReadAction\",\"target\":[\"https:\/\/hotelpuertasepulveda.net\/beta\/es\/vivere_stays_somos_unicos\/\"]}]},{\"@type\":\"BreadcrumbList\",\"@id\":\"https:\/\/hotelpuertasepulveda.net\/beta\/es\/vivere_stays_somos_unicos\/#breadcrumb\",\"itemListElement\":[{\"@type\":\"ListItem\",\"position\":1,\"name\":\"Home\",\"item\":\"https:\/\/hotelpuertasepulveda.net\/beta\/es\/\"},{\"@type\":\"ListItem\",\"position\":2,\"name\":\"vivere_stays_somos_unicos\"}]},{\"@type\":\"WebSite\",\"@id\":\"https:\/\/hotelpuertasepulveda.net\/beta\/#website\",\"url\":\"https:\/\/hotelpuertasepulveda.net\/beta\/\",\"name\":\"Vivere Stays\",\"description\":\"Technology for your hotel\",\"potentialAction\":[{\"@type\":\"SearchAction\",\"target\":{\"@type\":\"EntryPoint\",\"urlTemplate\":\"https:\/\/hotelpuertasepulveda.net\/beta\/?s={search_term_string}\"},\"query-input\":\"required name=search_term_string\"}],\"inLanguage\":\"es\"}]}<\/script>\n<!-- \/ Yoast SEO plugin. -->","yoast_head_json":{"title":"vivere_stays_somos_unicos - Vivere Stays","robots":{"index":"index","follow":"follow","max-snippet":"max-snippet:-1","max-image-preview":"max-image-preview:large","max-video-preview":"max-video-preview:-1"},"canonical":"https:\/\/hotelpuertasepulveda.net\/beta\/es\/vivere_stays_somos_unicos\/","og_locale":"es_ES","og_type":"article","og_title":"vivere_stays_somos_unicos - Vivere Stays","og_url":"https:\/\/hotelpuertasepulveda.net\/beta\/es\/vivere_stays_somos_unicos\/","og_site_name":"Vivere Stays","article_publisher":"https:\/\/www.facebook.com\/viverestays.es\/","article_modified_time":"2021-04-22T10:48:27+00:00","twitter_card":"summary_large_image","twitter_misc":{"Tiempo de lectura":"11 minutos"},"schema":{"@context":"https:\/\/schema.org","@graph":[{"@type":"WebPage","@id":"https:\/\/hotelpuertasepulveda.net\/beta\/es\/vivere_stays_somos_unicos\/","url":"https:\/\/hotelpuertasepulveda.net\/beta\/es\/vivere_stays_somos_unicos\/","name":"vivere_stays_somos_unicos - Vivere Stays","isPartOf":{"@id":"https:\/\/hotelpuertasepulveda.net\/beta\/#website"},"datePublished":"2021-04-22T10:45:08+00:00","dateModified":"2021-04-22T10:48:27+00:00","breadcrumb":{"@id":"https:\/\/hotelpuertasepulveda.net\/beta\/es\/vivere_stays_somos_unicos\/#breadcrumb"},"inLanguage":"es","potentialAction":[{"@type":"ReadAction","target":["https:\/\/hotelpuertasepulveda.net\/beta\/es\/vivere_stays_somos_unicos\/"]}]},{"@type":"BreadcrumbList","@id":"https:\/\/hotelpuertasepulveda.net\/beta\/es\/vivere_stays_somos_unicos\/#breadcrumb","itemListElement":[{"@type":"ListItem","position":1,"name":"Home","item":"https:\/\/hotelpuertasepulveda.net\/beta\/es\/"},{"@type":"ListItem","position":2,"name":"vivere_stays_somos_unicos"}]},{"@type":"WebSite","@id":"https:\/\/hotelpuertasepulveda.net\/beta\/#website","url":"https:\/\/hotelpuertasepulveda.net\/beta\/","name":"Vivere Stays","description":"Technology for your hotel","potentialAction":[{"@type":"SearchAction","target":{"@type":"EntryPoint","urlTemplate":"https:\/\/hotelpuertasepulveda.net\/beta\/?s={search_term_string}"},"query-input":"required name=search_term_string"}],"inLanguage":"es"}]}},"_links":{"self":[{"href":"https:\/\/hotelpuertasepulveda.net\/beta\/es\/wp-json\/wp\/v2\/pages\/16536"}],"collection":[{"href":"https:\/\/hotelpuertasepulveda.net\/beta\/es\/wp-json\/wp\/v2\/pages"}],"about":[{"href":"https:\/\/hotelpuertasepulveda.net\/beta\/es\/wp-json\/wp\/v2\/types\/page"}],"author":[{"embeddable":true,"href":"https:\/\/hotelpuertasepulveda.net\/beta\/es\/wp-json\/wp\/v2\/users\/2"}],"replies":[{"embeddable":true,"href":"https:\/\/hotelpuertasepulveda.net\/beta\/es\/wp-json\/wp\/v2\/comments?post=16536"}],"version-history":[{"count":4,"href":"https:\/\/hotelpuertasepulveda.net\/beta\/es\/wp-json\/wp\/v2\/pages\/16536\/revisions"}],"predecessor-version":[{"id":16540,"href":"https:\/\/hotelpuertasepulveda.net\/beta\/es\/wp-json\/wp\/v2\/pages\/16536\/revisions\/16540"}],"wp:attachment":[{"href":"https:\/\/hotelpuertasepulveda.net\/beta\/es\/wp-json\/wp\/v2\/media?parent=16536"}],"curies":[{"name":"wp","href":"https:\/\/api.w.org\/{rel}","templated":true}]}}