{"id":16524,"date":"2021-04-22T10:20:38","date_gmt":"2021-04-22T10:20:38","guid":{"rendered":"https:\/\/viverestays.com\/?page_id=16524"},"modified":"2021-11-17T19:47:51","modified_gmt":"2021-11-17T19:47:51","slug":"nuestros-servicios","status":"publish","type":"page","link":"https:\/\/hotelpuertasepulveda.net\/beta\/es\/nuestros-servicios\/","title":{"rendered":"Eres hotelero?"},"content":{"rendered":"<div id=\"cmsmasters_row_9thb0qjcg6\" class=\"cmsmasters_row cmsmasters_color_scheme_default cmsmasters_row_top_default cmsmasters_row_bot_default cmsmasters_row_boxed\">\n<div class=\"cmsmasters_row_outer_parent\">\n<div class=\"cmsmasters_row_outer\">\n<div class=\"cmsmasters_row_inner\">\n<div class=\"cmsmasters_row_margin\">\n<div id=\"cmsmasters_column_8jdjxhohsy\" class=\"cmsmasters_column one_first\">\n<div class=\"cmsmasters_column_inner\"><div id=\"cmsmasters_heading_2gxaquatx6\" class=\"cmsmasters_heading_wrap cmsmasters_heading_align_center\">\n\t<h2 class=\"cmsmasters_heading\">Estas buscando tecnologia 100% local, adaptada a tu mercado y tus necesidades para incrementar tus ventas?<\/h2>\n<\/div>\n<\/div><\/div>\n<\/div>\n<\/div>\n<\/div>\n<\/div>\n<\/div>\n<div id=\"cmsmasters_row_wr3gv99ndc\" class=\"cmsmasters_row cmsmasters_color_scheme_default cmsmasters_row_top_default cmsmasters_row_bot_default cmsmasters_row_boxed\">\n<div class=\"cmsmasters_row_outer_parent\">\n<div class=\"cmsmasters_row_outer\">\n<div class=\"cmsmasters_row_inner\">\n<div class=\"cmsmasters_row_margin\">\n<div id=\"cmsmasters_column_vpk4jn5yh9\" class=\"cmsmasters_column one_half\">\n<div class=\"cmsmasters_column_inner\"><ul id=\"cmsmasters_icon_list_items_5se82e9zw4\" class=\"cmsmasters_icon_list_items cmsmasters_icon_list_type_block cmsmasters_icon_list_pos_left cmsmasters_color_type_icon\"><li id=\"cmsmasters_icon_list_item_j5xg6q4rn\" class=\"cmsmasters_icon_list_item\">\n<div class=\"cmsmasters_icon_list_item_inner\">\n<div class=\"cmsmasters_icon_list_icon_wrap\">\n<span class=\"cmsmasters_icon_list_icon cmsmasters-icon-puzzle-2\"><\/span>\n<\/div>\n<div class=\"cmsmasters_icon_list_item_content\">\n<h3 class=\"cmsmasters_icon_list_item_title\">Gesti\u00f3n din\u00e1mica de precios<\/h3>\n<div class=\"cmsmasters_icon_list_item_text\">\n<p><span style=\"font-weight: 400;\">Nada es imposible. \u00a1Te podemos ayudar a alcanzar tus metas! La soluci\u00f3n din\u00e1mica de Vivere Stays actualizar\u00e1 sus precios, seg\u00fan los criterios definidos , m\u00e1s r\u00e1pido y con m\u00e1s frecuencia que cualquier mano podr\u00eda realizar. Incrementamos en promedio los ingresos de nuestros hoteles en un 27% durante el primer semestre de nuestra colaboraci\u00f3n. Obtenga m\u00e1s informaci\u00f3n sobre nuestro enfoque y lo que significa para usted.<\/span><\/p>\n<p>&nbsp;<\/p>\n<p>&nbsp;<\/p>\n<\/div>\n<\/div>\n<\/div>\n<\/li><\/ul><ul id=\"cmsmasters_icon_list_items_igmd2ibirg\" class=\"cmsmasters_icon_list_items cmsmasters_icon_list_type_block cmsmasters_icon_list_pos_left cmsmasters_color_type_icon\"><li id=\"cmsmasters_icon_list_item_qoev9vpz4e\" class=\"cmsmasters_icon_list_item\">\n<div class=\"cmsmasters_icon_list_item_inner\">\n<div class=\"cmsmasters_icon_list_icon_wrap\">\n<span class=\"cmsmasters_icon_list_icon cmsmasters-icon-custom-magnifying-glass-2\"><\/span>\n<\/div>\n<div class=\"cmsmasters_icon_list_item_content\">\n<h3 class=\"cmsmasters_icon_list_item_title\">PMS<\/h3>\n<div class=\"cmsmasters_icon_list_item_text\">\n<p>Vivere Stays introduce un PMS totalmente personalizado para su mercado y hotel: El PMS es el nudo donde todo se une: reservas, precios y canales de distribuci\u00f3n. En nuestro caso, todo est\u00e1 conectado. No se necesita m\u00e1s trabajo manual. Est\u00e1 en su idioma e incluye todos los requisitos legales locales. F\u00e1cil y r\u00e1pido de trabajar: Plug &amp; play.<\/p>\n<\/div>\n<\/div>\n<\/div>\n<\/li><\/ul>\n<\/div><\/div>\n<div id=\"cmsmasters_column_s63miywtqo\" class=\"cmsmasters_column one_half\">\n<div class=\"cmsmasters_column_inner\"><ul id=\"cmsmasters_icon_list_items_obqr0z40eb\" class=\"cmsmasters_icon_list_items cmsmasters_icon_list_type_block cmsmasters_icon_list_pos_left cmsmasters_color_type_icon\"><li id=\"cmsmasters_icon_list_item_bgqhtwaih8\" class=\"cmsmasters_icon_list_item\">\n<div class=\"cmsmasters_icon_list_item_inner\">\n<div class=\"cmsmasters_icon_list_icon_wrap\">\n<span class=\"cmsmasters_icon_list_icon cmsmasters-icon-folder-alt\"><\/span>\n<\/div>\n<div class=\"cmsmasters_icon_list_item_content\">\n<h3 class=\"cmsmasters_icon_list_item_title\">Distribuci\u00f3n<\/h3>\n<div class=\"cmsmasters_icon_list_item_text\">\n<p><span style=\"font-weight: 400;\">La distribuci\u00f3n parece que no es una ciencia, pero lo es. Vivere Stays se asegura de que su hotel aparezca en todos los canales relevantes. Sin embargo, no se trata solo de cantidad, lo que realmente importa es la calidad: nos aseguramos de que su hotel se posicione en el primer lugar en todos los canales para aumentar constantemente las tasas de conversi\u00f3n y los ingresos.<\/span><\/p>\n<p>&nbsp;<\/p>\n<\/div>\n<\/div>\n<\/div>\n<\/li><\/ul><ul id=\"cmsmasters_icon_list_items_splc9187jj\" class=\"cmsmasters_icon_list_items cmsmasters_icon_list_type_block cmsmasters_icon_list_pos_left cmsmasters_color_type_icon\"><li id=\"cmsmasters_icon_list_item_zkhmrex2yq\" class=\"cmsmasters_icon_list_item\">\n<div class=\"cmsmasters_icon_list_item_inner\">\n<div class=\"cmsmasters_icon_list_icon_wrap\">\n<span class=\"cmsmasters_icon_list_icon cmsmasters-icon-book-2\"><\/span>\n<\/div>\n<div class=\"cmsmasters_icon_list_item_content\">\n<h3 class=\"cmsmasters_icon_list_item_title\">Transformaci\u00f3n digital<\/h3>\n<div class=\"cmsmasters_icon_list_item_text\">\n<p><span style=\"font-weight: 400;\">Ofrecemos una variedad de servicios y productos para que el hu\u00e9sped se registre desde donde quiera. Aportamos soluciones para y por los hu\u00e9spedes, para cambiar la forma en que se registran, reservan, y abren la puerta de su habitaci\u00f3n, a trav\u00e9s de nuestros innovadores servicios digitales para hu\u00e9spedes Vivere Stays.<\/span><\/p>\n<\/div>\n<\/div>\n<\/div>\n<\/li><\/ul>\n<\/div><\/div>\n<\/div>\n<\/div>\n<\/div>\n<\/div>\n<\/div>\n<div id=\"cmsmasters_row_23x0kb2fq\" class=\"cmsmasters_row cmsmasters_color_scheme_default cmsmasters_row_top_default cmsmasters_row_bot_default cmsmasters_row_boxed\">\n<div class=\"cmsmasters_row_outer_parent\">\n<div class=\"cmsmasters_row_outer\">\n<div class=\"cmsmasters_row_inner\">\n<div class=\"cmsmasters_row_margin\">\n<div id=\"cmsmasters_column_of0y74o5xr\" class=\"cmsmasters_column one_fourth\">\n<div class=\"cmsmasters_column_inner\"><div class=\"cmsmasters_text\">\n<h2 style=\"text-align: center;\"><strong><img decoding=\"async\" loading=\"lazy\" class=\"alignnone size-full wp-image-16817\" src=\"https:\/\/viverestays.com\/wp-content\/uploads\/2021\/11\/Viviere-La-Frasca-13-1-scaled.jpg\" alt=\"\" width=\"2560\" height=\"1706\" srcset=\"https:\/\/hotelpuertasepulveda.net\/beta\/wp-content\/uploads\/2021\/11\/Viviere-La-Frasca-13-1-scaled.jpg 2560w, https:\/\/hotelpuertasepulveda.net\/beta\/wp-content\/uploads\/2021\/11\/Viviere-La-Frasca-13-1-300x200.jpg 300w, https:\/\/hotelpuertasepulveda.net\/beta\/wp-content\/uploads\/2021\/11\/Viviere-La-Frasca-13-1-1024x683.jpg 1024w, https:\/\/hotelpuertasepulveda.net\/beta\/wp-content\/uploads\/2021\/11\/Viviere-La-Frasca-13-1-768x512.jpg 768w, https:\/\/hotelpuertasepulveda.net\/beta\/wp-content\/uploads\/2021\/11\/Viviere-La-Frasca-13-1-1536x1024.jpg 1536w, https:\/\/hotelpuertasepulveda.net\/beta\/wp-content\/uploads\/2021\/11\/Viviere-La-Frasca-13-1-2048x1365.jpg 2048w, https:\/\/hotelpuertasepulveda.net\/beta\/wp-content\/uploads\/2021\/11\/Viviere-La-Frasca-13-1-580x387.jpg 580w, https:\/\/hotelpuertasepulveda.net\/beta\/wp-content\/uploads\/2021\/11\/Viviere-La-Frasca-13-1-860x573.jpg 860w, https:\/\/hotelpuertasepulveda.net\/beta\/wp-content\/uploads\/2021\/11\/Viviere-La-Frasca-13-1-1160x773.jpg 1160w, https:\/\/hotelpuertasepulveda.net\/beta\/wp-content\/uploads\/2021\/11\/Viviere-La-Frasca-13-1-1320x880.jpg 1320w\" sizes=\"(max-width: 2560px) 100vw, 2560px\" \/> 75%+<br \/>\n<\/strong>Ocupaci\u00f3n<\/h2>\n<\/div>\n<\/div><\/div>\n<div id=\"cmsmasters_column_l50nqae99n\" class=\"cmsmasters_column one_fourth\">\n<div class=\"cmsmasters_column_inner\"><div class=\"cmsmasters_text\">\n<h2 style=\"text-align: center;\"><strong><img decoding=\"async\" loading=\"lazy\" class=\"alignnone size-full wp-image-16815\" src=\"https:\/\/viverestays.com\/wp-content\/uploads\/2021\/11\/Vivere-Casa-Antonio-24-1-scaled.jpg\" alt=\"\" width=\"2560\" height=\"1706\" srcset=\"https:\/\/hotelpuertasepulveda.net\/beta\/wp-content\/uploads\/2021\/11\/Vivere-Casa-Antonio-24-1-scaled.jpg 2560w, https:\/\/hotelpuertasepulveda.net\/beta\/wp-content\/uploads\/2021\/11\/Vivere-Casa-Antonio-24-1-300x200.jpg 300w, https:\/\/hotelpuertasepulveda.net\/beta\/wp-content\/uploads\/2021\/11\/Vivere-Casa-Antonio-24-1-1024x683.jpg 1024w, https:\/\/hotelpuertasepulveda.net\/beta\/wp-content\/uploads\/2021\/11\/Vivere-Casa-Antonio-24-1-768x512.jpg 768w, https:\/\/hotelpuertasepulveda.net\/beta\/wp-content\/uploads\/2021\/11\/Vivere-Casa-Antonio-24-1-1536x1024.jpg 1536w, https:\/\/hotelpuertasepulveda.net\/beta\/wp-content\/uploads\/2021\/11\/Vivere-Casa-Antonio-24-1-2048x1365.jpg 2048w, https:\/\/hotelpuertasepulveda.net\/beta\/wp-content\/uploads\/2021\/11\/Vivere-Casa-Antonio-24-1-580x387.jpg 580w, https:\/\/hotelpuertasepulveda.net\/beta\/wp-content\/uploads\/2021\/11\/Vivere-Casa-Antonio-24-1-860x573.jpg 860w, https:\/\/hotelpuertasepulveda.net\/beta\/wp-content\/uploads\/2021\/11\/Vivere-Casa-Antonio-24-1-1160x773.jpg 1160w, https:\/\/hotelpuertasepulveda.net\/beta\/wp-content\/uploads\/2021\/11\/Vivere-Casa-Antonio-24-1-1320x880.jpg 1320w\" sizes=\"(max-width: 2560px) 100vw, 2560px\" \/>15+<\/strong><br \/>\nOTAs<\/h2>\n<\/div>\n<\/div><\/div>\n<div id=\"cmsmasters_column_uyp9lgu97a\" class=\"cmsmasters_column one_fourth\">\n<div class=\"cmsmasters_column_inner\"><div class=\"cmsmasters_text\">\n<h2 style=\"text-align: center;\"><strong><img decoding=\"async\" loading=\"lazy\" class=\"alignnone size-full wp-image-16643\" src=\"https:\/\/viverestays.com\/wp-content\/uploads\/2021\/06\/Rio-Ara.jpg\" alt=\"\" width=\"1280\" height=\"853\" srcset=\"https:\/\/hotelpuertasepulveda.net\/beta\/wp-content\/uploads\/2021\/06\/Rio-Ara.jpg 1280w, https:\/\/hotelpuertasepulveda.net\/beta\/wp-content\/uploads\/2021\/06\/Rio-Ara-300x200.jpg 300w, https:\/\/hotelpuertasepulveda.net\/beta\/wp-content\/uploads\/2021\/06\/Rio-Ara-1024x682.jpg 1024w, https:\/\/hotelpuertasepulveda.net\/beta\/wp-content\/uploads\/2021\/06\/Rio-Ara-768x512.jpg 768w, https:\/\/hotelpuertasepulveda.net\/beta\/wp-content\/uploads\/2021\/06\/Rio-Ara-580x387.jpg 580w, https:\/\/hotelpuertasepulveda.net\/beta\/wp-content\/uploads\/2021\/06\/Rio-Ara-860x573.jpg 860w, https:\/\/hotelpuertasepulveda.net\/beta\/wp-content\/uploads\/2021\/06\/Rio-Ara-1160x773.jpg 1160w\" sizes=\"(max-width: 1280px) 100vw, 1280px\" \/>100+<\/strong><br \/>\nAfiliados<\/h2>\n<\/div>\n<\/div><\/div>\n<div id=\"cmsmasters_column_igu0yivf4\" class=\"cmsmasters_column one_fourth\">\n<div class=\"cmsmasters_column_inner\"><div class=\"cmsmasters_text\">\n<h2 style=\"text-align: center;\"><strong><img decoding=\"async\" loading=\"lazy\" class=\"alignnone size-full wp-image-16399\" src=\"https:\/\/viverestays.com\/wp-content\/uploads\/2021\/04\/Hostal-tierrallana.jpg\" alt=\"\" width=\"1200\" height=\"900\" srcset=\"https:\/\/hotelpuertasepulveda.net\/beta\/wp-content\/uploads\/2021\/04\/Hostal-tierrallana.jpg 1200w, https:\/\/hotelpuertasepulveda.net\/beta\/wp-content\/uploads\/2021\/04\/Hostal-tierrallana-300x225.jpg 300w, https:\/\/hotelpuertasepulveda.net\/beta\/wp-content\/uploads\/2021\/04\/Hostal-tierrallana-1024x768.jpg 1024w, https:\/\/hotelpuertasepulveda.net\/beta\/wp-content\/uploads\/2021\/04\/Hostal-tierrallana-768x576.jpg 768w, https:\/\/hotelpuertasepulveda.net\/beta\/wp-content\/uploads\/2021\/04\/Hostal-tierrallana-580x435.jpg 580w, https:\/\/hotelpuertasepulveda.net\/beta\/wp-content\/uploads\/2021\/04\/Hostal-tierrallana-860x645.jpg 860w, https:\/\/hotelpuertasepulveda.net\/beta\/wp-content\/uploads\/2021\/04\/Hostal-tierrallana-1160x870.jpg 1160w\" sizes=\"(max-width: 1200px) 100vw, 1200px\" \/>25%<\/strong><br \/>\nHu\u00e9spedes fidelizados<\/h2>\n<\/div>\n<\/div><\/div>\n<\/div>\n<\/div>\n<\/div>\n<\/div>\n<\/div>\n\n","protected":false},"excerpt":{"rendered":"","protected":false},"author":2,"featured_media":0,"parent":0,"menu_order":0,"comment_status":"closed","ping_status":"closed","template":"","meta":[],"yoast_head":"<!-- This site is optimized with the Yoast SEO plugin v20.0 - https:\/\/yoast.com\/wordpress\/plugins\/seo\/ -->\n<title>Eres hotelero? - Vivere Stays<\/title>\n<meta name=\"robots\" content=\"index, follow, max-snippet:-1, max-image-preview:large, max-video-preview:-1\" \/>\n<link rel=\"canonical\" href=\"https:\/\/hotelpuertasepulveda.net\/beta\/es\/nuestros-servicios\/\" \/>\n<meta property=\"og:locale\" content=\"es_ES\" \/>\n<meta property=\"og:type\" content=\"article\" \/>\n<meta property=\"og:title\" content=\"Eres hotelero? - Vivere Stays\" \/>\n<meta property=\"og:url\" content=\"https:\/\/hotelpuertasepulveda.net\/beta\/es\/nuestros-servicios\/\" \/>\n<meta property=\"og:site_name\" content=\"Vivere Stays\" \/>\n<meta property=\"article:publisher\" content=\"https:\/\/www.facebook.com\/viverestays.es\/\" \/>\n<meta property=\"article:modified_time\" content=\"2021-11-17T19:47:51+00:00\" \/>\n<meta property=\"og:image\" content=\"https:\/\/viverestays.com\/wp-content\/uploads\/2021\/11\/Viviere-La-Frasca-13-1-scaled.jpg\" \/>\n<meta name=\"twitter:card\" content=\"summary_large_image\" \/>\n<meta name=\"twitter:label1\" content=\"Tiempo de lectura\" \/>\n\t<meta name=\"twitter:data1\" content=\"4 minutos\" \/>\n<script type=\"application\/ld+json\" class=\"yoast-schema-graph\">{\"@context\":\"https:\/\/schema.org\",\"@graph\":[{\"@type\":\"WebPage\",\"@id\":\"https:\/\/hotelpuertasepulveda.net\/beta\/es\/nuestros-servicios\/\",\"url\":\"https:\/\/hotelpuertasepulveda.net\/beta\/es\/nuestros-servicios\/\",\"name\":\"Eres hotelero? - Vivere Stays\",\"isPartOf\":{\"@id\":\"https:\/\/hotelpuertasepulveda.net\/beta\/#website\"},\"datePublished\":\"2021-04-22T10:20:38+00:00\",\"dateModified\":\"2021-11-17T19:47:51+00:00\",\"breadcrumb\":{\"@id\":\"https:\/\/hotelpuertasepulveda.net\/beta\/es\/nuestros-servicios\/#breadcrumb\"},\"inLanguage\":\"es\",\"potentialAction\":[{\"@type\":\"ReadAction\",\"target\":[\"https:\/\/hotelpuertasepulveda.net\/beta\/es\/nuestros-servicios\/\"]}]},{\"@type\":\"BreadcrumbList\",\"@id\":\"https:\/\/hotelpuertasepulveda.net\/beta\/es\/nuestros-servicios\/#breadcrumb\",\"itemListElement\":[{\"@type\":\"ListItem\",\"position\":1,\"name\":\"Home\",\"item\":\"https:\/\/hotelpuertasepulveda.net\/beta\/es\/\"},{\"@type\":\"ListItem\",\"position\":2,\"name\":\"Eres hotelero?\"}]},{\"@type\":\"WebSite\",\"@id\":\"https:\/\/hotelpuertasepulveda.net\/beta\/#website\",\"url\":\"https:\/\/hotelpuertasepulveda.net\/beta\/\",\"name\":\"Vivere Stays\",\"description\":\"Technology for your hotel\",\"potentialAction\":[{\"@type\":\"SearchAction\",\"target\":{\"@type\":\"EntryPoint\",\"urlTemplate\":\"https:\/\/hotelpuertasepulveda.net\/beta\/?s={search_term_string}\"},\"query-input\":\"required name=search_term_string\"}],\"inLanguage\":\"es\"}]}<\/script>\n<!-- \/ Yoast SEO plugin. -->","yoast_head_json":{"title":"Eres hotelero? - Vivere Stays","robots":{"index":"index","follow":"follow","max-snippet":"max-snippet:-1","max-image-preview":"max-image-preview:large","max-video-preview":"max-video-preview:-1"},"canonical":"https:\/\/hotelpuertasepulveda.net\/beta\/es\/nuestros-servicios\/","og_locale":"es_ES","og_type":"article","og_title":"Eres hotelero? - Vivere Stays","og_url":"https:\/\/hotelpuertasepulveda.net\/beta\/es\/nuestros-servicios\/","og_site_name":"Vivere Stays","article_publisher":"https:\/\/www.facebook.com\/viverestays.es\/","article_modified_time":"2021-11-17T19:47:51+00:00","og_image":[{"url":"https:\/\/viverestays.com\/wp-content\/uploads\/2021\/11\/Viviere-La-Frasca-13-1-scaled.jpg"}],"twitter_card":"summary_large_image","twitter_misc":{"Tiempo de lectura":"4 minutos"},"schema":{"@context":"https:\/\/schema.org","@graph":[{"@type":"WebPage","@id":"https:\/\/hotelpuertasepulveda.net\/beta\/es\/nuestros-servicios\/","url":"https:\/\/hotelpuertasepulveda.net\/beta\/es\/nuestros-servicios\/","name":"Eres hotelero? - Vivere Stays","isPartOf":{"@id":"https:\/\/hotelpuertasepulveda.net\/beta\/#website"},"datePublished":"2021-04-22T10:20:38+00:00","dateModified":"2021-11-17T19:47:51+00:00","breadcrumb":{"@id":"https:\/\/hotelpuertasepulveda.net\/beta\/es\/nuestros-servicios\/#breadcrumb"},"inLanguage":"es","potentialAction":[{"@type":"ReadAction","target":["https:\/\/hotelpuertasepulveda.net\/beta\/es\/nuestros-servicios\/"]}]},{"@type":"BreadcrumbList","@id":"https:\/\/hotelpuertasepulveda.net\/beta\/es\/nuestros-servicios\/#breadcrumb","itemListElement":[{"@type":"ListItem","position":1,"name":"Home","item":"https:\/\/hotelpuertasepulveda.net\/beta\/es\/"},{"@type":"ListItem","position":2,"name":"Eres hotelero?"}]},{"@type":"WebSite","@id":"https:\/\/hotelpuertasepulveda.net\/beta\/#website","url":"https:\/\/hotelpuertasepulveda.net\/beta\/","name":"Vivere Stays","description":"Technology for your hotel","potentialAction":[{"@type":"SearchAction","target":{"@type":"EntryPoint","urlTemplate":"https:\/\/hotelpuertasepulveda.net\/beta\/?s={search_term_string}"},"query-input":"required name=search_term_string"}],"inLanguage":"es"}]}},"_links":{"self":[{"href":"https:\/\/hotelpuertasepulveda.net\/beta\/es\/wp-json\/wp\/v2\/pages\/16524"}],"collection":[{"href":"https:\/\/hotelpuertasepulveda.net\/beta\/es\/wp-json\/wp\/v2\/pages"}],"about":[{"href":"https:\/\/hotelpuertasepulveda.net\/beta\/es\/wp-json\/wp\/v2\/types\/page"}],"author":[{"embeddable":true,"href":"https:\/\/hotelpuertasepulveda.net\/beta\/es\/wp-json\/wp\/v2\/users\/2"}],"replies":[{"embeddable":true,"href":"https:\/\/hotelpuertasepulveda.net\/beta\/es\/wp-json\/wp\/v2\/comments?post=16524"}],"version-history":[{"count":30,"href":"https:\/\/hotelpuertasepulveda.net\/beta\/es\/wp-json\/wp\/v2\/pages\/16524\/revisions"}],"predecessor-version":[{"id":16919,"href":"https:\/\/hotelpuertasepulveda.net\/beta\/es\/wp-json\/wp\/v2\/pages\/16524\/revisions\/16919"}],"wp:attachment":[{"href":"https:\/\/hotelpuertasepulveda.net\/beta\/es\/wp-json\/wp\/v2\/media?parent=16524"}],"curies":[{"name":"wp","href":"https:\/\/api.w.org\/{rel}","templated":true}]}}