{"id":16444,"date":"2021-04-21T11:37:49","date_gmt":"2021-04-21T11:37:49","guid":{"rendered":"https:\/\/viverestays.com\/?page_id=16444"},"modified":"2021-04-22T10:37:47","modified_gmt":"2021-04-22T10:37:47","slug":"nosotros","status":"publish","type":"page","link":"https:\/\/hotelpuertasepulveda.net\/beta\/es\/nosotros\/","title":{"rendered":"Nosotros"},"content":{"rendered":"<div id=\"cmsmasters_row_irdytvgpb5\" class=\"cmsmasters_row cmsmasters_color_scheme_default cmsmasters_row_top_default cmsmasters_row_bot_default cmsmasters_row_boxed\">\n<div class=\"cmsmasters_row_outer_parent\">\n<div class=\"cmsmasters_row_outer\">\n<div class=\"cmsmasters_row_inner cmsmasters_row_fullwidth cmsmasters_row_no_margin\">\n<div class=\"cmsmasters_row_margin\">\n<div id=\"cmsmasters_column_k2cc13p779\" class=\"cmsmasters_column one_first\">\n<div class=\"cmsmasters_column_inner\"><div class=\"cmsmasters_text\">\n<p><ibe-up \n    ibe-key=\"c55f1939-c047-484d-b53b-6a6021eacc82\"\n    language=\"es\" \n    ><\/ibe-up><script type=\"text\/javascript\" src=\"https:\/\/ibe.uphotel.agency\/ibe.min.js\"><\/script>\n<link href=\"https:\/\/ibe.uphotel.agency\/ibe.min.css\" rel=\"stylesheet\" \/><\/p>\n<\/div>\n<\/div><\/div>\n<\/div>\n<\/div>\n<div class=\"cmsmasters_row_inner\">\n<div class=\"cmsmasters_row_margin\">\n<div id=\"cmsmasters_column_6rf377l5x8\" class=\"cmsmasters_column one_half\">\n<div class=\"cmsmasters_column_inner\"><div id=\"cmsmasters_heading_kqrrawqqg\" class=\"cmsmasters_heading_wrap cmsmasters_heading_align_left\">\n\t<h4 class=\"cmsmasters_heading\">\u00bfDonde nos conocimos y aprendimos a confiarnos?<\/h4>\n<\/div><div id=\"cmsmasters_heading_eg3jm5ajhg\" class=\"cmsmasters_heading_wrap cmsmasters_heading_align_left\">\n\t<h2 class=\"cmsmasters_heading\">La familia Vivere Stays<\/h2>\n<\/div><div id=\"cmsmasters_fb_8ubl3ob1w6\" class=\"cmsmasters_featured_block\">\n<div class=\"featured_block_inner\">\n<div class=\"featured_block_text\">\n<p><span style=\"font-weight: 400;\">Nos conocimos unos a\u00f1os atr\u00e1s trabajando para un Unicornio indio en Europa, que levant\u00f3 bn1,5$ para abrir mercados nuevos. Lanzamos juntos Espa\u00f1a y Alemania adquiriendo m\u00e1s de 100 hoteles en menos de un a\u00f1o. Nos gust\u00f3 tanto la oportunidad de mercado y el modelo de negocio que decidimos optimizarlo y adaptarlo. En plena pandemia, los tres hicimos el spin-off de esta start-up india y empezamos con Vivere Stays.<\/span><\/p>\n<p><span style=\"font-weight: 400;\">La experiencia anterior nos permiti\u00f3 confiar los unos en los otros y as\u00ed darnos cuenta que compartimos los mismos valores y que sabemos divertirnos juntos y ser emprendedores exitosos. Es lo que hace el \u00e9xito del equipo de hoy: una maravillosa familia de diferentes talentos, todos viniendo del sector de la hoteler\u00eda, ayudando a nuestros hoteles a sobrevivir la pandemia y luego incrementar sus ingresos.<\/span><\/p>\n\n<\/div>\n<\/div>\n<\/div>\n<\/div><\/div>\n<div id=\"cmsmasters_column_pjlfp7ikba\" class=\"cmsmasters_column one_half\">\n<div class=\"cmsmasters_column_inner\">\n<div id=\"cmsmasters_divider_eg2m84k7uc\" class=\"cl\"><\/div>\n<div class=\"cmsmasters_img  cmsmasters_image_n\"><img src=\"https:\/\/hotelpuertasepulveda.net\/beta\/wp-content\/uploads\/2020\/12\/little-girl-with-special-needs-enjoy-spending-time-with-mother-860x575.jpg\" alt=\"Little girl with special needs enjoy spending time with mother\" \/><\/div>\n<\/div><\/div>\n<\/div>\n<\/div>\n<\/div>\n<\/div>\n<\/div>\n<div id=\"cmsmasters_row_xglicrehqs\" class=\"cmsmasters_row cmsmasters_color_scheme_default cmsmasters_row_top_default cmsmasters_row_bot_default cmsmasters_row_fullwidth\">\n<div class=\"cmsmasters_row_outer_parent\">\n<div class=\"cmsmasters_row_outer\">\n<div class=\"cmsmasters_row_inner cmsmasters_row_fullwidth cmsmasters_row_no_margin\">\n<div class=\"cmsmasters_row_margin cmsmasters_row_columns_behavior\">\n<div id=\"cmsmasters_column_z5t9l4j01\" class=\"cmsmasters_column one_half\">\n<div class=\"cmsmasters_column_inner\"><div class=\"cmsmasters_img  cmsmasters_image_n\"><img src=\"https:\/\/hotelpuertasepulveda.net\/beta\/wp-content\/uploads\/2020\/12\/zen-balanced-stones-stack-1160x820.jpg\" alt=\"Zen balanced stones stack\" \/><\/div>\n<\/div><\/div>\n<div id=\"cmsmasters_column_tt497z0ia\" class=\"cmsmasters_column one_half\">\n<div class=\"cmsmasters_column_inner\"><div id=\"cmsmasters_heading_5hz6rusdw4\" class=\"cmsmasters_heading_wrap cmsmasters_heading_align_left\">\n\t<h4 class=\"cmsmasters_heading\">\u00bfPor qu\u00e9 Vivere Stays?<\/h4>\n<\/div><div id=\"cmsmasters_heading_1bl4z9f2cs\" class=\"cmsmasters_heading_wrap cmsmasters_heading_align_left\">\n\t<h2 class=\"cmsmasters_heading\">Oportunidad de mercado significativa en Europa<\/h2>\n<\/div><div id=\"cmsmasters_fb_5ovmbztgx\" class=\"cmsmasters_featured_block\">\n<div class=\"featured_block_inner\">\n<div class=\"featured_block_text\">\n<p><span style=\"font-weight: 400;\">Pensamos que hab\u00eda una enorme oportunidad de mercado en la personalizaci\u00f3n y gesti\u00f3n de tecnolog\u00eda para hoteles m\u00e1s peque\u00f1os. Estos hoteles a menudo carecen de un software de vanguardia fabricado en Europa, adaptado a su mercado y a su tama\u00f1o. Carecen de tiempo y, a veces, de conocimientos para elegir el producto adecuado. Todos se enfrentan a un entorno de mercado dif\u00edcil donde las cadenas hoteleras m\u00e1s grandes se hacen presentes en los mercados secundarios y primarios.<\/span><\/p>\n<p><span style=\"font-weight: 400;\">Vivere Stays permite que esos hoteles m\u00e1s peque\u00f1os compiten incluso con hoteles m\u00e1s grandes, a trav\u00e9s de una mejor tecnolog\u00eda y digitalizando el recorrido del cliente. Esto \u00faltimo es a menudo descuidado por otros hoteles. Optimizamos el tiempo del propietario del hotel para que pueda concentrarse en lo m\u00e1s importante: \u00a1el hu\u00e9sped!<\/span><\/p>\n<p>&nbsp;<\/p>\n\n<\/div>\n<\/div>\n<\/div>\n<div id=\"cmsmasters_divider_8y6hjklu6n\" class=\"cl\"><\/div>\n<\/div><\/div>\n<\/div>\n<\/div>\n<\/div>\n<\/div>\n<\/div>\n<div id=\"cmsmasters_row_z6hovuaol\" class=\"cmsmasters_row cmsmasters_color_scheme_default cmsmasters_row_top_default cmsmasters_row_bot_default cmsmasters_row_boxed\">\n<div class=\"cmsmasters_row_outer_parent\">\n<div class=\"cmsmasters_row_outer\">\n<div class=\"cmsmasters_row_inner\">\n<div class=\"cmsmasters_row_margin\">\n<div id=\"cmsmasters_column_kh7cnnzk6l\" class=\"cmsmasters_column one_half\">\n<div class=\"cmsmasters_column_inner\"><div id=\"cmsmasters_heading_7s76qbmjun\" class=\"cmsmasters_heading_wrap cmsmasters_heading_align_left\">\n\t<h4 class=\"cmsmasters_heading\">\u00bfCu\u00e1l es el estado de Vivere Stays a d\u00eda de hoy? <\/h4>\n<\/div><div id=\"cmsmasters_heading_njo9bzfz9\" class=\"cmsmasters_heading_wrap cmsmasters_heading_align_left\">\n\t<h2 class=\"cmsmasters_heading\">Dos cosas importan: el tama\u00f1o y la ubicaci\u00f3n.<\/h2>\n<\/div><div id=\"cmsmasters_fb_rk181zkbaf\" class=\"cmsmasters_featured_block\">\n<div class=\"featured_block_inner\">\n<div class=\"featured_block_text\">\n<p><span style=\"font-weight: 400;\">Vivere Stays gestiona mas de trenta de hoteles desde Barcelona, \u200b\u200bMadrid y Berl\u00edn. Estos hoteles se encuentran en Alemania y Espa\u00f1a, tanto en el mercado primario como en el secundario. Sin embargo, queremos ayudar a los hoteles de toda Europa y pronto lanzaremos nuestros servicios a otros mercados.<\/span><\/p>\n\n<\/div>\n<\/div>\n<\/div>\n<\/div><\/div>\n<div id=\"cmsmasters_column_enbxv80wak\" class=\"cmsmasters_column one_half\">\n<div class=\"cmsmasters_column_inner\">\n<div id=\"cmsmasters_divider_evkjkal1aq\" class=\"cl\"><\/div>\n<div class=\"cmsmasters_img  cmsmasters_image_n\"><img src=\"https:\/\/hotelpuertasepulveda.net\/beta\/wp-content\/uploads\/2020\/12\/thoughtful-look-photo-of-gorgeous-blonde-woman-in-the-gym-at-her-weekend-time.jpg\" alt=\"Thoughtful look. Photo of gorgeous blonde woman in the gym at her weekend time\" \/><\/div>\n<\/div><\/div>\n<\/div>\n<\/div>\n<\/div>\n<\/div>\n<\/div>\n<div id=\"cmsmasters_row_r649kodnbd\" class=\"cmsmasters_row cmsmasters_color_scheme_default cmsmasters_row_top_default cmsmasters_row_bot_default cmsmasters_row_boxed\">\n<div class=\"cmsmasters_row_outer_parent\">\n<div class=\"cmsmasters_row_outer\">\n<div class=\"cmsmasters_row_inner\">\n<div class=\"cmsmasters_row_margin\">\n<div id=\"cmsmasters_column_16kd5pqbs\" class=\"cmsmasters_column one_first\">\n<div class=\"cmsmasters_column_inner\"><div id=\"cmsmasters_heading_j7zu6ctug\" class=\"cmsmasters_heading_wrap cmsmasters_heading_align_left\">\n\t<h2 class=\"cmsmasters_heading\">What do our hotel partners say about us?<\/h2>\n<\/div>\n<p><\/p>\n<\/div><\/div>\n<\/div>\n<\/div>\n<\/div>\n<\/div>\n<\/div>\n\n","protected":false},"excerpt":{"rendered":"","protected":false},"author":2,"featured_media":0,"parent":0,"menu_order":0,"comment_status":"closed","ping_status":"closed","template":"","meta":[],"yoast_head":"<!-- This site is optimized with the Yoast SEO plugin v20.0 - https:\/\/yoast.com\/wordpress\/plugins\/seo\/ -->\n<title>Nosotros - Vivere Stays<\/title>\n<meta name=\"robots\" content=\"index, follow, max-snippet:-1, max-image-preview:large, max-video-preview:-1\" \/>\n<link rel=\"canonical\" href=\"https:\/\/hotelpuertasepulveda.net\/beta\/es\/nosotros\/\" \/>\n<meta property=\"og:locale\" content=\"es_ES\" \/>\n<meta property=\"og:type\" content=\"article\" \/>\n<meta property=\"og:title\" content=\"Nosotros - Vivere Stays\" \/>\n<meta property=\"og:url\" content=\"https:\/\/hotelpuertasepulveda.net\/beta\/es\/nosotros\/\" \/>\n<meta property=\"og:site_name\" content=\"Vivere Stays\" \/>\n<meta property=\"article:publisher\" content=\"https:\/\/www.facebook.com\/viverestays.es\/\" \/>\n<meta property=\"article:modified_time\" content=\"2021-04-22T10:37:47+00:00\" \/>\n<meta name=\"twitter:card\" content=\"summary_large_image\" \/>\n<meta name=\"twitter:label1\" content=\"Tiempo de lectura\" \/>\n\t<meta name=\"twitter:data1\" content=\"7 minutos\" \/>\n<script type=\"application\/ld+json\" class=\"yoast-schema-graph\">{\"@context\":\"https:\/\/schema.org\",\"@graph\":[{\"@type\":\"WebPage\",\"@id\":\"https:\/\/hotelpuertasepulveda.net\/beta\/es\/nosotros\/\",\"url\":\"https:\/\/hotelpuertasepulveda.net\/beta\/es\/nosotros\/\",\"name\":\"Nosotros - Vivere Stays\",\"isPartOf\":{\"@id\":\"https:\/\/hotelpuertasepulveda.net\/beta\/#website\"},\"datePublished\":\"2021-04-21T11:37:49+00:00\",\"dateModified\":\"2021-04-22T10:37:47+00:00\",\"breadcrumb\":{\"@id\":\"https:\/\/hotelpuertasepulveda.net\/beta\/es\/nosotros\/#breadcrumb\"},\"inLanguage\":\"es\",\"potentialAction\":[{\"@type\":\"ReadAction\",\"target\":[\"https:\/\/hotelpuertasepulveda.net\/beta\/es\/nosotros\/\"]}]},{\"@type\":\"BreadcrumbList\",\"@id\":\"https:\/\/hotelpuertasepulveda.net\/beta\/es\/nosotros\/#breadcrumb\",\"itemListElement\":[{\"@type\":\"ListItem\",\"position\":1,\"name\":\"Home\",\"item\":\"https:\/\/hotelpuertasepulveda.net\/beta\/es\/\"},{\"@type\":\"ListItem\",\"position\":2,\"name\":\"Nosotros\"}]},{\"@type\":\"WebSite\",\"@id\":\"https:\/\/hotelpuertasepulveda.net\/beta\/#website\",\"url\":\"https:\/\/hotelpuertasepulveda.net\/beta\/\",\"name\":\"Vivere Stays\",\"description\":\"Technology for your hotel\",\"potentialAction\":[{\"@type\":\"SearchAction\",\"target\":{\"@type\":\"EntryPoint\",\"urlTemplate\":\"https:\/\/hotelpuertasepulveda.net\/beta\/?s={search_term_string}\"},\"query-input\":\"required name=search_term_string\"}],\"inLanguage\":\"es\"}]}<\/script>\n<!-- \/ Yoast SEO plugin. -->","yoast_head_json":{"title":"Nosotros - Vivere Stays","robots":{"index":"index","follow":"follow","max-snippet":"max-snippet:-1","max-image-preview":"max-image-preview:large","max-video-preview":"max-video-preview:-1"},"canonical":"https:\/\/hotelpuertasepulveda.net\/beta\/es\/nosotros\/","og_locale":"es_ES","og_type":"article","og_title":"Nosotros - Vivere Stays","og_url":"https:\/\/hotelpuertasepulveda.net\/beta\/es\/nosotros\/","og_site_name":"Vivere Stays","article_publisher":"https:\/\/www.facebook.com\/viverestays.es\/","article_modified_time":"2021-04-22T10:37:47+00:00","twitter_card":"summary_large_image","twitter_misc":{"Tiempo de lectura":"7 minutos"},"schema":{"@context":"https:\/\/schema.org","@graph":[{"@type":"WebPage","@id":"https:\/\/hotelpuertasepulveda.net\/beta\/es\/nosotros\/","url":"https:\/\/hotelpuertasepulveda.net\/beta\/es\/nosotros\/","name":"Nosotros - Vivere Stays","isPartOf":{"@id":"https:\/\/hotelpuertasepulveda.net\/beta\/#website"},"datePublished":"2021-04-21T11:37:49+00:00","dateModified":"2021-04-22T10:37:47+00:00","breadcrumb":{"@id":"https:\/\/hotelpuertasepulveda.net\/beta\/es\/nosotros\/#breadcrumb"},"inLanguage":"es","potentialAction":[{"@type":"ReadAction","target":["https:\/\/hotelpuertasepulveda.net\/beta\/es\/nosotros\/"]}]},{"@type":"BreadcrumbList","@id":"https:\/\/hotelpuertasepulveda.net\/beta\/es\/nosotros\/#breadcrumb","itemListElement":[{"@type":"ListItem","position":1,"name":"Home","item":"https:\/\/hotelpuertasepulveda.net\/beta\/es\/"},{"@type":"ListItem","position":2,"name":"Nosotros"}]},{"@type":"WebSite","@id":"https:\/\/hotelpuertasepulveda.net\/beta\/#website","url":"https:\/\/hotelpuertasepulveda.net\/beta\/","name":"Vivere Stays","description":"Technology for your hotel","potentialAction":[{"@type":"SearchAction","target":{"@type":"EntryPoint","urlTemplate":"https:\/\/hotelpuertasepulveda.net\/beta\/?s={search_term_string}"},"query-input":"required name=search_term_string"}],"inLanguage":"es"}]}},"_links":{"self":[{"href":"https:\/\/hotelpuertasepulveda.net\/beta\/es\/wp-json\/wp\/v2\/pages\/16444"}],"collection":[{"href":"https:\/\/hotelpuertasepulveda.net\/beta\/es\/wp-json\/wp\/v2\/pages"}],"about":[{"href":"https:\/\/hotelpuertasepulveda.net\/beta\/es\/wp-json\/wp\/v2\/types\/page"}],"author":[{"embeddable":true,"href":"https:\/\/hotelpuertasepulveda.net\/beta\/es\/wp-json\/wp\/v2\/users\/2"}],"replies":[{"embeddable":true,"href":"https:\/\/hotelpuertasepulveda.net\/beta\/es\/wp-json\/wp\/v2\/comments?post=16444"}],"version-history":[{"count":4,"href":"https:\/\/hotelpuertasepulveda.net\/beta\/es\/wp-json\/wp\/v2\/pages\/16444\/revisions"}],"predecessor-version":[{"id":16534,"href":"https:\/\/hotelpuertasepulveda.net\/beta\/es\/wp-json\/wp\/v2\/pages\/16444\/revisions\/16534"}],"wp:attachment":[{"href":"https:\/\/hotelpuertasepulveda.net\/beta\/es\/wp-json\/wp\/v2\/media?parent=16444"}],"curies":[{"name":"wp","href":"https:\/\/api.w.org\/{rel}","templated":true}]}}